{"id":2,"date":"2022-11-09T09:08:52","date_gmt":"2022-11-09T09:08:52","guid":{"rendered":"https:\/\/dlxex.com\/?page_id=2"},"modified":"2024-09-20T19:31:15","modified_gmt":"2024-09-20T11:31:15","slug":"about-us","status":"publish","type":"page","link":"https:\/\/www.dlxex.com\/es\/about-us","title":{"rendered":"Sobre nosotros"},"content":{"rendered":"<p>Yueqing Chengyang Electric Co., Ltd., es una empresa profesional dedicada al desarrollo, fabricaci\u00f3n y venta de productos a prueba de explosiones. Es ampliamente utilizado en petr\u00f3leo, qu\u00edmica, gas natural, carb\u00f3n, aeroespacial, construcci\u00f3n naval, marina, militar, protecci\u00f3n contra incendios, energ\u00eda el\u00e9ctrica, ferrocarril, metalurgia y otras industrias. La empresa se dedica principalmente a la caja de operaci\u00f3n a prueba de explosiones, bot\u00f3n a prueba de explosiones, arrancador magn\u00e9tico a prueba de explosiones, interruptor a prueba de explosiones (disyuntor), enchufe a prueba de explosiones, campana a prueba de explosiones, manguera a prueba de explosiones, prensaestopas a prueba de explosiones, bandeja de cables a prueba de explosiones, caja de control anticorrosi\u00f3n, l\u00e1mpara a prueba de explosiones, balasto a prueba de explosiones, caja de distribuci\u00f3n a prueba de explosiones, arrancador a prueba de explosiones, aparato el\u00e9ctrico principal a prueba de explosiones, caja de conexiones y accesorios de tuber\u00eda a prueba de explosiones, otras categor\u00edas a prueba de explosiones, accesorios a prueba de explosiones, etc.<\/p>\r\n<p>Desde su creaci\u00f3n, la empresa se ha centrado en el principio eterno de &#8220;calidad para la supervivencia, servicio para la reputaci\u00f3n, nuevos productos para el desarrollo, gesti\u00f3n para la eficiencia&#8221;. Prestar atenci\u00f3n a la formaci\u00f3n t\u00e9cnica en calidad de los talentos cient\u00edficos y tecnol\u00f3gicos y de los empleados, prestar atenci\u00f3n a la tecnolog\u00eda de los productos, mejorar el sistema de garant\u00eda de calidad y obtener la certificaci\u00f3n nacional del sistema de gesti\u00f3n de calidad ISO90001 y del sistema de gesti\u00f3n medioambiental GB\/24001-2004, ISO141001-2000 y de la gesti\u00f3n de la seguridad y salud ocupacional GB\/T28001-2011, QHSA\/18001-2007.<\/p>\r\n<p>Para mejorar a\u00fan m\u00e1s la calidad de los productos, hemos actualizado nuestros equipos y hemos logrado la automatizaci\u00f3n o semiautomatizaci\u00f3n de procesos clave como la fundici\u00f3n a presi\u00f3n, el mecanizado, la pulverizaci\u00f3n, la soldadura, el vertido y el sellado. Disponemos de varios tipos de m\u00e1quinas de fundici\u00f3n a presi\u00f3n totalmente autom\u00e1ticas y semiautom\u00e1ticas, m\u00e1quinas de moldeo por inyecci\u00f3n de termopl\u00e1sticos a gran escala, equipos de moldeo por inyecci\u00f3n de termoendurecibles a gran escala, varios robots de soldadura totalmente autom\u00e1ticos y semiautom\u00e1ticos, varios centros de mecanizado, perforaci\u00f3n y corte CNC, varios tornos CNC, fresadoras y los equipos de prueba m\u00e1s avanzados.<\/p>","protected":false},"excerpt":{"rendered":"<p>Yueqing Chengyang Electric Co., Ltd., es una empresa profesional dedicada al desarrollo, fabricaci\u00f3n y venta de productos a prueba de explosiones. Es ampliamente utilizado en petr\u00f3leo, qu\u00edmica, gas natural, carb\u00f3n, aeroespacial, construcci\u00f3n naval, marina, militar, protecci\u00f3n contra incendios, energ\u00eda el\u00e9ctrica, ferrocarril, metalurgia y otras industrias. La empresa se dedica principalmente a la caja de operaci\u00f3n [&hellip;]<\/p>\n","protected":false},"author":1,"featured_media":0,"parent":0,"menu_order":0,"comment_status":"closed","ping_status":"open","template":"","meta":{"footnotes":""},"class_list":["post-2","page","type-page","status-publish","hentry"],"_links":{"self":[{"href":"https:\/\/www.dlxex.com\/es\/wp-json\/wp\/v2\/pages\/2"}],"collection":[{"href":"https:\/\/www.dlxex.com\/es\/wp-json\/wp\/v2\/pages"}],"about":[{"href":"https:\/\/www.dlxex.com\/es\/wp-json\/wp\/v2\/types\/page"}],"author":[{"embeddable":true,"href":"https:\/\/www.dlxex.com\/es\/wp-json\/wp\/v2\/users\/1"}],"replies":[{"embeddable":true,"href":"https:\/\/www.dlxex.com\/es\/wp-json\/wp\/v2\/comments?post=2"}],"version-history":[{"count":2,"href":"https:\/\/www.dlxex.com\/es\/wp-json\/wp\/v2\/pages\/2\/revisions"}],"predecessor-version":[{"id":1100,"href":"https:\/\/www.dlxex.com\/es\/wp-json\/wp\/v2\/pages\/2\/revisions\/1100"}],"wp:attachment":[{"href":"https:\/\/www.dlxex.com\/es\/wp-json\/wp\/v2\/media?parent=2"}],"curies":[{"name":"wp","href":"https:\/\/api.w.org\/{rel}","templated":true}]}}