{"id":2,"date":"2022-11-09T09:08:52","date_gmt":"2022-11-09T09:08:52","guid":{"rendered":"https:\/\/dlxex.com\/?page_id=2"},"modified":"2024-09-20T19:31:15","modified_gmt":"2024-09-20T11:31:15","slug":"about-us","status":"publish","type":"page","link":"https:\/\/www.dlxex.com\/fr\/about-us","title":{"rendered":"\u00c0 propos de nous"},"content":{"rendered":"<p>Yueqing Chengyang Electric Co., Ltd., est une entreprise professionnelle engag\u00e9e dans le d\u00e9veloppement, la fabrication et la vente de produits antid\u00e9flagrants. Il est largement utilis\u00e9 dans le p\u00e9trole, la chimie, le gaz naturel, le charbon, l&rsquo;a\u00e9rospatiale, la construction navale, la marine, l&rsquo;arm\u00e9e, la protection contre les incendies, l&rsquo;\u00e9nergie \u00e9lectrique, les chemins de fer, la m\u00e9tallurgie et d&rsquo;autres industries. La soci\u00e9t\u00e9 est principalement engag\u00e9e dans le bo\u00eetier de fonctionnement antid\u00e9flagrant, le bouton antid\u00e9flagrant, le d\u00e9marreur magn\u00e9tique antid\u00e9flagrant, l&rsquo;interrupteur antid\u00e9flagrant (disjoncteur), la prise antid\u00e9flagrante, la cloche antid\u00e9flagrante, le tuyau antid\u00e9flagrant, le presse-\u00e9toupe antid\u00e9flagrant, le chemin de c\u00e2bles antid\u00e9flagrant, le bo\u00eetier de commande anticorrosion, la lampe antid\u00e9flagrante, le ballast antid\u00e9flagrant, le bo\u00eetier de distribution antid\u00e9flagrant, le d\u00e9marreur antid\u00e9flagrant, l&rsquo;appareil \u00e9lectrique principal antid\u00e9flagrant, la bo\u00eete de jonction et les raccords de tuyauterie antid\u00e9flagrants, les autres cat\u00e9gories antid\u00e9flagrantes, les accessoires antid\u00e9flagrants, etc.<\/p>\r\n<p>Depuis sa cr\u00e9ation, la soci\u00e9t\u00e9 s&rsquo;est concentr\u00e9e sur le principe \u00e9ternel de \u00ab la qualit\u00e9 pour la survie, le service pour la r\u00e9putation, les nouveaux produits pour le d\u00e9veloppement, la gestion pour l&rsquo;efficacit\u00e9 \u00bb. Fran\u00e7aisPr\u00eater attention \u00e0 la formation technique de qualit\u00e9 des talents et des employ\u00e9s scientifiques et technologiques, pr\u00eater attention \u00e0 la technologie des produits, am\u00e9liorer le syst\u00e8me d&rsquo;assurance qualit\u00e9 et obtenir la certification nationale du syst\u00e8me de gestion de la qualit\u00e9 ISO90001 et GB\/24001-2004, ISO141001-2000, syst\u00e8me de gestion environnementale et GB\/T28001-2011, QHSA\/18001-2007 gestion de la sant\u00e9 et de la s\u00e9curit\u00e9 au travail.<\/p>\r\n<p>Afin d&rsquo;am\u00e9liorer la qualit\u00e9 des produits, nous avons modernis\u00e9 nos \u00e9quipements et r\u00e9alis\u00e9 l&rsquo;automatisation ou la semi-automatisation dans les processus cl\u00e9s tels que le moulage sous pression, l&rsquo;usinage, la pulv\u00e9risation, le soudage, le coulage et le scellage. Nous disposons de divers types de machines de moulage sous pression enti\u00e8rement automatiques et semi-automatiques, de machines de moulage par injection thermoplastique \u00e0 grande \u00e9chelle, d&rsquo;\u00e9quipements de moulage par injection thermodurcissable \u00e0 grande \u00e9chelle, de divers robots de soudage enti\u00e8rement automatiques et semi-automatiques, de divers centres d&rsquo;usinage, de per\u00e7age et de d\u00e9coupe CNC, de divers tours CNC, de fraiseuses et des \u00e9quipements de test les plus avanc\u00e9s.<\/p>","protected":false},"excerpt":{"rendered":"<p>Yueqing Chengyang Electric Co., Ltd., est une entreprise professionnelle engag\u00e9e dans le d\u00e9veloppement, la fabrication et la vente de produits antid\u00e9flagrants. Il est largement utilis\u00e9 dans le p\u00e9trole, la chimie, le gaz naturel, le charbon, l&rsquo;a\u00e9rospatiale, la construction navale, la marine, l&rsquo;arm\u00e9e, la protection contre les incendies, l&rsquo;\u00e9nergie \u00e9lectrique, les chemins de fer, la m\u00e9tallurgie [&hellip;]<\/p>\n","protected":false},"author":1,"featured_media":0,"parent":0,"menu_order":0,"comment_status":"closed","ping_status":"open","template":"","meta":{"footnotes":""},"class_list":["post-2","page","type-page","status-publish","hentry"],"_links":{"self":[{"href":"https:\/\/www.dlxex.com\/fr\/wp-json\/wp\/v2\/pages\/2"}],"collection":[{"href":"https:\/\/www.dlxex.com\/fr\/wp-json\/wp\/v2\/pages"}],"about":[{"href":"https:\/\/www.dlxex.com\/fr\/wp-json\/wp\/v2\/types\/page"}],"author":[{"embeddable":true,"href":"https:\/\/www.dlxex.com\/fr\/wp-json\/wp\/v2\/users\/1"}],"replies":[{"embeddable":true,"href":"https:\/\/www.dlxex.com\/fr\/wp-json\/wp\/v2\/comments?post=2"}],"version-history":[{"count":2,"href":"https:\/\/www.dlxex.com\/fr\/wp-json\/wp\/v2\/pages\/2\/revisions"}],"predecessor-version":[{"id":1100,"href":"https:\/\/www.dlxex.com\/fr\/wp-json\/wp\/v2\/pages\/2\/revisions\/1100"}],"wp:attachment":[{"href":"https:\/\/www.dlxex.com\/fr\/wp-json\/wp\/v2\/media?parent=2"}],"curies":[{"name":"wp","href":"https:\/\/api.w.org\/{rel}","templated":true}]}}