{"id":2,"date":"2022-11-09T09:08:52","date_gmt":"2022-11-09T09:08:52","guid":{"rendered":"https:\/\/dlxex.com\/?page_id=2"},"modified":"2024-09-20T19:31:15","modified_gmt":"2024-09-20T11:31:15","slug":"about-us","status":"publish","type":"page","link":"https:\/\/www.dlxex.com\/pt\/about-us","title":{"rendered":"SOBRE N\u00d3S"},"content":{"rendered":"<p>Yueqing Chengyang Electric Co., Ltd., \u00e9 uma empresa profissional envolvida no desenvolvimento, fabrica\u00e7\u00e3o e vendas de produtos \u00e0 prova de explos\u00e3o. \u00c9 amplamente utilizado em petr\u00f3leo, qu\u00edmica, g\u00e1s natural, carv\u00e3o, aeroespacial, constru\u00e7\u00e3o naval, marinha, militar, prote\u00e7\u00e3o contra inc\u00eandio, energia el\u00e9trica, ferrovia, metalurgia e outras ind\u00fastrias. A empresa est\u00e1 envolvida principalmente em caixa de opera\u00e7\u00e3o \u00e0 prova de explos\u00e3o, bot\u00e3o \u00e0 prova de explos\u00e3o, partida magn\u00e9tica \u00e0 prova de explos\u00e3o, interruptor \u00e0 prova de explos\u00e3o (disjuntor), plugue \u00e0 prova de explos\u00e3o, sino \u00e0 prova de explos\u00e3o, mangueira \u00e0 prova de explos\u00e3o, caixa de veda\u00e7\u00e3o \u00e0 prova de explos\u00e3o, bandeja de cabos \u00e0 prova de explos\u00e3o, caixa de controle anticorros\u00e3o, l\u00e2mpada \u00e0 prova de explos\u00e3o, lastro \u00e0 prova de explos\u00e3o, caixa de distribui\u00e7\u00e3o \u00e0 prova de explos\u00e3o Partida \u00e0 prova de explos\u00e3o, aparelho el\u00e9trico principal \u00e0 prova de explos\u00e3o, caixa de jun\u00e7\u00e3o \u00e0 prova de explos\u00e3o e conex\u00f5es de tubos, outras categorias \u00e0 prova de explos\u00e3o, acess\u00f3rios \u00e0 prova de explos\u00e3o, etc.<\/p>\r\n<p>Desde sua funda\u00e7\u00e3o, a empresa se concentra no princ\u00edpio eterno de &#8220;qualidade para sobreviv\u00eancia, servi\u00e7o para reputa\u00e7\u00e3o, novos produtos para desenvolvimento, gest\u00e3o para efici\u00eancia&#8221;. Preste aten\u00e7\u00e3o ao treinamento de qualidade t\u00e9cnica de talentos cient\u00edficos e tecnol\u00f3gicos e funcion\u00e1rios, preste aten\u00e7\u00e3o \u00e0 tecnologia do produto, melhore o sistema de garantia de qualidade e obtenha a certifica\u00e7\u00e3o nacional do sistema de gest\u00e3o de qualidade ISO90001 e GB\/24001-2004, ISO141001-2000, sistema de gest\u00e3o ambiental e GB\/T28001-2011, QHSA\/18001-2007 gest\u00e3o de sa\u00fade e seguran\u00e7a ocupacional.<\/p>\r\n<p>Para melhorar melhor a qualidade do produto, atualizamos nossos equipamentos e alcan\u00e7amos automa\u00e7\u00e3o ou semi automa\u00e7\u00e3o em processos-chave, como fundi\u00e7\u00e3o sob press\u00e3o, usinagem, pulveriza\u00e7\u00e3o, soldagem, vazamento e selagem. Temos v\u00e1rios tipos de m\u00e1quinas de fundi\u00e7\u00e3o sob press\u00e3o totalmente autom\u00e1ticas e semiautom\u00e1ticas, m\u00e1quinas de moldagem por inje\u00e7\u00e3o termopl\u00e1stica em larga escala, equipamentos de moldagem por inje\u00e7\u00e3o termoendurec\u00edvel em larga escala, v\u00e1rios rob\u00f4s de soldagem totalmente autom\u00e1ticos e semiautom\u00e1ticos, v\u00e1rios centros de usinagem CNC, perfura\u00e7\u00e3o, corte, v\u00e1rios tornos CNC, fresadoras e os equipamentos de teste mais avan\u00e7ados.<\/p>","protected":false},"excerpt":{"rendered":"<p>Yueqing Chengyang Electric Co., Ltd., \u00e9 uma empresa profissional envolvida no desenvolvimento, fabrica\u00e7\u00e3o e vendas de produtos \u00e0 prova de explos\u00e3o. \u00c9 amplamente utilizado em petr\u00f3leo, qu\u00edmica, g\u00e1s natural, carv\u00e3o, aeroespacial, constru\u00e7\u00e3o naval, marinha, militar, prote\u00e7\u00e3o contra inc\u00eandio, energia el\u00e9trica, ferrovia, metalurgia e outras ind\u00fastrias. A empresa est\u00e1 envolvida principalmente em caixa de opera\u00e7\u00e3o \u00e0 [&hellip;]<\/p>\n","protected":false},"author":1,"featured_media":0,"parent":0,"menu_order":0,"comment_status":"closed","ping_status":"open","template":"","meta":{"footnotes":""},"class_list":["post-2","page","type-page","status-publish","hentry"],"_links":{"self":[{"href":"https:\/\/www.dlxex.com\/pt\/wp-json\/wp\/v2\/pages\/2"}],"collection":[{"href":"https:\/\/www.dlxex.com\/pt\/wp-json\/wp\/v2\/pages"}],"about":[{"href":"https:\/\/www.dlxex.com\/pt\/wp-json\/wp\/v2\/types\/page"}],"author":[{"embeddable":true,"href":"https:\/\/www.dlxex.com\/pt\/wp-json\/wp\/v2\/users\/1"}],"replies":[{"embeddable":true,"href":"https:\/\/www.dlxex.com\/pt\/wp-json\/wp\/v2\/comments?post=2"}],"version-history":[{"count":2,"href":"https:\/\/www.dlxex.com\/pt\/wp-json\/wp\/v2\/pages\/2\/revisions"}],"predecessor-version":[{"id":1100,"href":"https:\/\/www.dlxex.com\/pt\/wp-json\/wp\/v2\/pages\/2\/revisions\/1100"}],"wp:attachment":[{"href":"https:\/\/www.dlxex.com\/pt\/wp-json\/wp\/v2\/media?parent=2"}],"curies":[{"name":"wp","href":"https:\/\/api.w.org\/{rel}","templated":true}]}}